{"id":1317,"date":"2018-12-26T22:08:29","date_gmt":"2018-12-27T04:08:29","guid":{"rendered":"https:\/\/auric.com.mx\/?page_id=1317"},"modified":"2019-01-17T14:29:43","modified_gmt":"2019-01-17T20:29:43","slug":"our-services","status":"publish","type":"page","link":"https:\/\/auric.com.mx\/en\/our-services\/","title":{"rendered":"Our Services"},"content":{"rendered":"<p style=\"text-align: center;\">Nuestros servicios de consultor\u00eda atienden los problemas y oportunidades m\u00e1s cr\u00edticos de las empresas.<\/p>\n<p>&nbsp;<\/p>\n<div class=\"anclaID\" id=\"estrategia\"><\/div>\n<div class=\"wrap-acordeon\"><h4 class=\"acordeon\">Strategy<i class=\"fa fa-plus\"><\/i><\/h4><div class=\"acordeon-contenido\"><div class=\"left-side\"><\/div><div class=\"acordeon-texto\">\n<p>We have worked with our clients in the development of Corporate Strategy, Business Strategy, and Functional Strategy.<\/p>\n<p><strong>We ensure the presence of the following elements:<\/strong><\/p>\n<blockquote><p>Strategy is a deliberate search for a plan of action that will develop a business&#8217;s competitive advantage and compound it. For any company the search is an iterative process that begins with a recognition of where you are and what you have now.<br \/>\n<strong>&#8212; Bruce Henderson<\/strong><\/p><\/blockquote>\n<blockquote><p>Operational effectiveness (OE) means performing similar activities better than rivals perform them. In contrast, strategic positioning means performing different activities from rivals&#8217; or performing similar activities in different ways<br \/>\n<strong>&#8212; Michael E. Porter<\/strong><\/p><\/blockquote>\n<p><img loading=\"lazy\" decoding=\"async\" width=\"849\" height=\"565\" class=\"alignnone size-full wp-image-129\" style=\"width: 100%;\" src=\"https:\/\/auric.com.mx\/wp-content\/uploads\/2017\/01\/iStock_000016242252Small_1.jpg\" alt=\"\" srcset=\"https:\/\/auric.com.mx\/wp-content\/uploads\/2017\/01\/iStock_000016242252Small_1.jpg 849w, https:\/\/auric.com.mx\/wp-content\/uploads\/2017\/01\/iStock_000016242252Small_1-300x200.jpg 300w, https:\/\/auric.com.mx\/wp-content\/uploads\/2017\/01\/iStock_000016242252Small_1-768x511.jpg 768w\" sizes=\"auto, (max-width: 849px) 100vw, 849px\" \/><\/p>\n<\/div><\/div><\/div>\n<div class=\"wrap-acordeon\"><h4 class=\"acordeon\">New Business Development<i class=\"fa fa-plus\"><\/i><\/h4><div class=\"acordeon-contenido\"><div class=\"left-side\"><\/div><div class=\"acordeon-texto\">\n<p><strong>We have helped our clients explore, identify, and seize new business opportunities.<\/strong><\/p>\n<p>In order to develop a new business, it is imperative to understand and define:<\/p>\n<ul>\n<li><strong>Business Strategy<\/strong>: The market&#8217;s potential, the firm&#8217;s value proposition, and the necessary resources<\/li>\n<li><strong>Corporate governance<\/strong>: The rules governing the board, its make-up, shareholding, and capital contributions<\/li>\n<li><strong>Deal Structuring<\/strong>: Understanding the value that each partner contributes, valuing businesses and setting relevant milestones to complete each transaction.<\/li>\n<li><strong>Entry Strategy<\/strong>: Analyzing alternatives to entering a given market alone, in partnership, or via acquisitions, evaluating candidates for acquisition.<\/li>\n<\/ul>\n<p><img loading=\"lazy\" decoding=\"async\" width=\"849\" height=\"565\" class=\"alignnone size-full wp-image-134\" style=\"width: 100%;\" src=\"https:\/\/auric.com.mx\/wp-content\/uploads\/2017\/01\/iStock_000015326626Small_0.jpg\" alt=\"Desarrollo de Nuevos Negocios\" srcset=\"https:\/\/auric.com.mx\/wp-content\/uploads\/2017\/01\/iStock_000015326626Small_0.jpg 849w, https:\/\/auric.com.mx\/wp-content\/uploads\/2017\/01\/iStock_000015326626Small_0-300x200.jpg 300w, https:\/\/auric.com.mx\/wp-content\/uploads\/2017\/01\/iStock_000015326626Small_0-768x511.jpg 768w\" sizes=\"auto, (max-width: 849px) 100vw, 849px\" \/><br \/>\n<\/div><\/div><\/div>\n<div class=\"wrap-acordeon\"><h4 class=\"acordeon\">Mergers and acquisitions<i class=\"fa fa-plus\"><\/i><\/h4><div class=\"acordeon-contenido\"><div class=\"left-side\"><\/div><div class=\"acordeon-texto\">\n<p>Auric is a change agent that helps develop enduring organizations with our Value Through Execution Practice, we do so by gaining a deep understanding of our client&#8217;s culture, strategy, finances and operations and then applying these insights to create and implement client-specific, pragmatic solutions to unlock hidden value in their operations.<\/p>\n<ul>\n<li><strong>Supply Chain<\/strong>\n<ul>\n<li>Working capital reduction<\/li>\n<li>Customer service level improvement<\/li>\n<li>Stock-outs downstream reduction<\/li>\n<\/ul>\n<\/li>\n<li><strong>Operations<\/strong>\n<ul>\n<li>Standardize execution across operating units<\/li>\n<li>Personnel turnover rate reduction<\/li>\n<li>Waste\/shrinkage reduction<\/li>\n<li>Personnel and asset productivity improvement<\/li>\n<li>Ensure correct field execution of HQ tactics<\/li>\n<\/ul>\n<\/li>\n<li><strong>Sales &amp; Marketing<\/strong>\n<ul>\n<li>Improve investment performance (trade spend, promotions)<\/li>\n<li>Identify pricing opportunities<\/li>\n<li>Manage product proliferation<\/li>\n<li>Improve customer profitability<\/li>\n<\/ul>\n<\/li>\n<\/ul>\n<p><img loading=\"lazy\" decoding=\"async\" width=\"851\" height=\"564\" class=\"alignnone size-full wp-image-140\" style=\"width: 100%;\" src=\"https:\/\/auric.com.mx\/wp-content\/uploads\/2017\/01\/iStock_000014950137Small_0.jpg\" alt=\"Fusiones y Adquisiciones\" srcset=\"https:\/\/auric.com.mx\/wp-content\/uploads\/2017\/01\/iStock_000014950137Small_0.jpg 851w, https:\/\/auric.com.mx\/wp-content\/uploads\/2017\/01\/iStock_000014950137Small_0-300x199.jpg 300w, https:\/\/auric.com.mx\/wp-content\/uploads\/2017\/01\/iStock_000014950137Small_0-768x509.jpg 768w\" sizes=\"auto, (max-width: 851px) 100vw, 851px\" \/><\/p>\n<\/div><\/div><\/div>\n<div class=\"wrap-acordeon\"><h4 class=\"acordeon\">Business strategy<i class=\"fa fa-plus\"><\/i><\/h4><div class=\"acordeon-contenido\"><div class=\"left-side\"><\/div><div class=\"acordeon-texto\">\nWe help businesses transform their market exit strategy, their commercial structure, as well as their distribution channels in order to capitalize on commercial opportunities.<\/p>\n<p><b>We develop the following types of proposals:<\/b><\/p>\n<ul>\n<li>Needs-based market segmentation<\/li>\n<li>Understanding distribution channels\n<ul>\n<li>Channel strategy<\/li>\n<li>Pricing<\/li>\n<li>Commercial\/market conditions<\/li>\n<li>Service level<\/li>\n<\/ul>\n<\/li>\n<\/ul>\n<p><img loading=\"lazy\" decoding=\"async\" width=\"830\" height=\"578\" class=\"alignnone size-full wp-image-144\" style=\"width: 100%;\" src=\"https:\/\/auric.com.mx\/wp-content\/uploads\/2017\/01\/iStock_000014077839Small_0.jpg\" alt=\"Estrategia Comercial\" srcset=\"https:\/\/auric.com.mx\/wp-content\/uploads\/2017\/01\/iStock_000014077839Small_0.jpg 830w, https:\/\/auric.com.mx\/wp-content\/uploads\/2017\/01\/iStock_000014077839Small_0-300x209.jpg 300w, https:\/\/auric.com.mx\/wp-content\/uploads\/2017\/01\/iStock_000014077839Small_0-768x535.jpg 768w\" sizes=\"auto, (max-width: 830px) 100vw, 830px\" \/><\/p>\n<\/div><\/div><\/div>\n<div class=\"wrap-acordeon\"><h4 class=\"acordeon\">Organizational effectiveness<i class=\"fa fa-plus\"><\/i><\/h4><div class=\"acordeon-contenido\"><div class=\"left-side\"><\/div><div class=\"acordeon-texto\">\n<p>We transform established practices within an organization in order to better support its business strategy and make it more effective.<\/p>\n<p><b>We generate solutions focused on:<\/b><\/p>\n<ul>\n<li>Organizational restructuring<\/li>\n<li>Process reengineering<\/li>\n<li>Job profile definition<\/li>\n<li>Compensation scheme design<\/li>\n<\/ul>\n<p><img loading=\"lazy\" decoding=\"async\" width=\"849\" height=\"565\" class=\"alignnone size-full wp-image-146\" style=\"width: 100%;\" src=\"https:\/\/auric.com.mx\/wp-content\/uploads\/2017\/01\/iStock_000013052752Small_0.jpg\" alt=\"Efectividad Organizacional\" srcset=\"https:\/\/auric.com.mx\/wp-content\/uploads\/2017\/01\/iStock_000013052752Small_0.jpg 849w, https:\/\/auric.com.mx\/wp-content\/uploads\/2017\/01\/iStock_000013052752Small_0-300x200.jpg 300w, https:\/\/auric.com.mx\/wp-content\/uploads\/2017\/01\/iStock_000013052752Small_0-768x511.jpg 768w\" sizes=\"auto, (max-width: 849px) 100vw, 849px\" \/><br \/>\n<\/div><\/div><\/div>\n<div class=\"wrap-acordeon\"><h4 class=\"acordeon\">Operations and logistics<i class=\"fa fa-plus\"><\/i><\/h4><div class=\"acordeon-contenido\"><div class=\"left-side\"><\/div><div class=\"acordeon-texto\">\n<p>We work to instill world-class operations in our clients.<\/p>\n<p><b>We combine strategic thinking with practical feasibility in order to improve our clients&#8217; manufacturing and distribution networks, customer services, and delivery times, supporting the client&#8217;s commercial and business strategy while making it more effective.<\/b><\/p>\n<ul>\n<li>Primary distribution network design<\/li>\n<li>Secondary distribution scheme design<\/li>\n<li>Working capital optimization<\/li>\n<li>Waste reduction<\/li>\n<li>Logistics cost optimization<\/li>\n<li>Service level improvement<\/li>\n<\/ul>\n<p><img loading=\"lazy\" decoding=\"async\" class=\"alignnone size-full wp-image-150\" src=\"https:\/\/auric.com.mx\/wp-content\/uploads\/2017\/01\/iStock_000008820375Small_0.jpg\" alt=\"Operaciones y Log\u00edstica\" width=\"852\" height=\"563\" srcset=\"https:\/\/auric.com.mx\/wp-content\/uploads\/2017\/01\/iStock_000008820375Small_0.jpg 852w, https:\/\/auric.com.mx\/wp-content\/uploads\/2017\/01\/iStock_000008820375Small_0-300x198.jpg 300w, https:\/\/auric.com.mx\/wp-content\/uploads\/2017\/01\/iStock_000008820375Small_0-768x507.jpg 768w\" sizes=\"auto, (max-width: 852px) 100vw, 852px\" \/><br \/>\n<\/div><\/div><\/div>\n<hr style=\"margin: 2em;\" \/>\n<h1 id=\"experience\" style=\"margin: 2em; text-align: center;\">Our Experience<\/h1>\n<p style=\"text-align: center;\">We are proud of the results we have achieved alongside our clients, but we are even more proud of the fact that these results have allowed us to develop long-term relationships with them.<\/p>\n","protected":false},"excerpt":{"rendered":"<p>Nuestros servicios de consultor\u00eda atienden los problemas y oportunidades m\u00e1s cr\u00edticos de las empresas. &nbsp; Our Experience We are proud of the results we have achieved alongside our clients, but we are even more proud of the fact that these results have allowed us to develop long-term relationships with them.<\/p>\n","protected":false},"author":4,"featured_media":904,"parent":0,"menu_order":9,"comment_status":"closed","ping_status":"closed","template":"page-seccion-home.php","meta":{"_acf_changed":false,"_monsterinsights_skip_tracking":false,"_monsterinsights_sitenote_active":false,"_monsterinsights_sitenote_note":"","_monsterinsights_sitenote_category":0,"footnotes":""},"class_list":["post-1317","page","type-page","status-publish","has-post-thumbnail","hentry"],"acf":[],"yoast_head":"<!-- This site is optimized with the Yoast SEO plugin v24.2 - https:\/\/yoast.com\/wordpress\/plugins\/seo\/ -->\n<title>Our Services - Auric<\/title>\n<meta name=\"description\" content=\"At our Value Through Execution practice, we help clients look criticallyat all operational areas and identify hidden value.\" \/>\n<meta name=\"robots\" content=\"index, follow, max-snippet:-1, max-image-preview:large, max-video-preview:-1\" \/>\n<link rel=\"canonical\" href=\"https:\/\/auric.com.mx\/en\/our-services\/\" \/>\n<meta property=\"og:locale\" content=\"en_US\" \/>\n<meta property=\"og:type\" content=\"article\" \/>\n<meta property=\"og:title\" content=\"Our Services - Auric\" \/>\n<meta property=\"og:description\" content=\"At our Value Through Execution practice, we help clients look criticallyat all operational areas and identify hidden value.\" \/>\n<meta property=\"og:url\" content=\"https:\/\/auric.com.mx\/en\/our-services\/\" \/>\n<meta property=\"og:site_name\" content=\"Auric\" \/>\n<meta property=\"article:publisher\" content=\"https:\/\/www.facebook.com\/AuricCo\/\" \/>\n<meta property=\"article:modified_time\" content=\"2019-01-17T20:29:43+00:00\" \/>\n<meta property=\"og:image\" content=\"https:\/\/auric.com.mx\/wp-content\/uploads\/2017\/01\/auric-consulting-servicios3.jpg\" \/>\n\t<meta property=\"og:image:width\" content=\"1600\" \/>\n\t<meta property=\"og:image:height\" content=\"800\" \/>\n\t<meta property=\"og:image:type\" content=\"image\/jpeg\" \/>\n<meta name=\"twitter:card\" content=\"summary_large_image\" \/>\n<meta name=\"twitter:label1\" content=\"Est. reading time\" \/>\n\t<meta name=\"twitter:data1\" content=\"3 minutes\" \/>\n<script type=\"application\/ld+json\" class=\"yoast-schema-graph\">{\"@context\":\"https:\/\/schema.org\",\"@graph\":[{\"@type\":\"WebPage\",\"@id\":\"https:\/\/auric.com.mx\/en\/our-services\/\",\"url\":\"https:\/\/auric.com.mx\/en\/our-services\/\",\"name\":\"Our Services - Auric\",\"isPartOf\":{\"@id\":\"https:\/\/auric.com.mx\/#website\"},\"primaryImageOfPage\":{\"@id\":\"https:\/\/auric.com.mx\/en\/our-services\/#primaryimage\"},\"image\":{\"@id\":\"https:\/\/auric.com.mx\/en\/our-services\/#primaryimage\"},\"thumbnailUrl\":\"https:\/\/auric.com.mx\/wp-content\/uploads\/2017\/01\/auric-consulting-servicios3.jpg\",\"datePublished\":\"2018-12-27T04:08:29+00:00\",\"dateModified\":\"2019-01-17T20:29:43+00:00\",\"description\":\"At our Value Through Execution practice, we help clients look criticallyat all operational areas and identify hidden value.\",\"breadcrumb\":{\"@id\":\"https:\/\/auric.com.mx\/en\/our-services\/#breadcrumb\"},\"inLanguage\":\"en-US\",\"potentialAction\":[{\"@type\":\"ReadAction\",\"target\":[\"https:\/\/auric.com.mx\/en\/our-services\/\"]}]},{\"@type\":\"ImageObject\",\"inLanguage\":\"en-US\",\"@id\":\"https:\/\/auric.com.mx\/en\/our-services\/#primaryimage\",\"url\":\"https:\/\/auric.com.mx\/wp-content\/uploads\/2017\/01\/auric-consulting-servicios3.jpg\",\"contentUrl\":\"https:\/\/auric.com.mx\/wp-content\/uploads\/2017\/01\/auric-consulting-servicios3.jpg\",\"width\":1600,\"height\":800},{\"@type\":\"BreadcrumbList\",\"@id\":\"https:\/\/auric.com.mx\/en\/our-services\/#breadcrumb\",\"itemListElement\":[{\"@type\":\"ListItem\",\"position\":1,\"name\":\"Portada\",\"item\":\"https:\/\/auric.com.mx\/en\/\"},{\"@type\":\"ListItem\",\"position\":2,\"name\":\"Our Services\"}]},{\"@type\":\"WebSite\",\"@id\":\"https:\/\/auric.com.mx\/#website\",\"url\":\"https:\/\/auric.com.mx\/\",\"name\":\"Auric\",\"description\":\"Auric Consulting\",\"potentialAction\":[{\"@type\":\"SearchAction\",\"target\":{\"@type\":\"EntryPoint\",\"urlTemplate\":\"https:\/\/auric.com.mx\/?s={search_term_string}\"},\"query-input\":{\"@type\":\"PropertyValueSpecification\",\"valueRequired\":true,\"valueName\":\"search_term_string\"}}],\"inLanguage\":\"en-US\"}]}<\/script>\n<!-- \/ Yoast SEO plugin. -->","yoast_head_json":{"title":"Our Services - Auric","description":"At our Value Through Execution practice, we help clients look criticallyat all operational areas and identify hidden value.","robots":{"index":"index","follow":"follow","max-snippet":"max-snippet:-1","max-image-preview":"max-image-preview:large","max-video-preview":"max-video-preview:-1"},"canonical":"https:\/\/auric.com.mx\/en\/our-services\/","og_locale":"en_US","og_type":"article","og_title":"Our Services - Auric","og_description":"At our Value Through Execution practice, we help clients look criticallyat all operational areas and identify hidden value.","og_url":"https:\/\/auric.com.mx\/en\/our-services\/","og_site_name":"Auric","article_publisher":"https:\/\/www.facebook.com\/AuricCo\/","article_modified_time":"2019-01-17T20:29:43+00:00","og_image":[{"width":1600,"height":800,"url":"https:\/\/auric.com.mx\/wp-content\/uploads\/2017\/01\/auric-consulting-servicios3.jpg","type":"image\/jpeg"}],"twitter_card":"summary_large_image","twitter_misc":{"Est. reading time":"3 minutes"},"schema":{"@context":"https:\/\/schema.org","@graph":[{"@type":"WebPage","@id":"https:\/\/auric.com.mx\/en\/our-services\/","url":"https:\/\/auric.com.mx\/en\/our-services\/","name":"Our Services - Auric","isPartOf":{"@id":"https:\/\/auric.com.mx\/#website"},"primaryImageOfPage":{"@id":"https:\/\/auric.com.mx\/en\/our-services\/#primaryimage"},"image":{"@id":"https:\/\/auric.com.mx\/en\/our-services\/#primaryimage"},"thumbnailUrl":"https:\/\/auric.com.mx\/wp-content\/uploads\/2017\/01\/auric-consulting-servicios3.jpg","datePublished":"2018-12-27T04:08:29+00:00","dateModified":"2019-01-17T20:29:43+00:00","description":"At our Value Through Execution practice, we help clients look criticallyat all operational areas and identify hidden value.","breadcrumb":{"@id":"https:\/\/auric.com.mx\/en\/our-services\/#breadcrumb"},"inLanguage":"en-US","potentialAction":[{"@type":"ReadAction","target":["https:\/\/auric.com.mx\/en\/our-services\/"]}]},{"@type":"ImageObject","inLanguage":"en-US","@id":"https:\/\/auric.com.mx\/en\/our-services\/#primaryimage","url":"https:\/\/auric.com.mx\/wp-content\/uploads\/2017\/01\/auric-consulting-servicios3.jpg","contentUrl":"https:\/\/auric.com.mx\/wp-content\/uploads\/2017\/01\/auric-consulting-servicios3.jpg","width":1600,"height":800},{"@type":"BreadcrumbList","@id":"https:\/\/auric.com.mx\/en\/our-services\/#breadcrumb","itemListElement":[{"@type":"ListItem","position":1,"name":"Portada","item":"https:\/\/auric.com.mx\/en\/"},{"@type":"ListItem","position":2,"name":"Our Services"}]},{"@type":"WebSite","@id":"https:\/\/auric.com.mx\/#website","url":"https:\/\/auric.com.mx\/","name":"Auric","description":"Auric Consulting","potentialAction":[{"@type":"SearchAction","target":{"@type":"EntryPoint","urlTemplate":"https:\/\/auric.com.mx\/?s={search_term_string}"},"query-input":{"@type":"PropertyValueSpecification","valueRequired":true,"valueName":"search_term_string"}}],"inLanguage":"en-US"}]}},"_links":{"self":[{"href":"https:\/\/auric.com.mx\/en\/wp-json\/wp\/v2\/pages\/1317","targetHints":{"allow":["GET"]}}],"collection":[{"href":"https:\/\/auric.com.mx\/en\/wp-json\/wp\/v2\/pages"}],"about":[{"href":"https:\/\/auric.com.mx\/en\/wp-json\/wp\/v2\/types\/page"}],"author":[{"embeddable":true,"href":"https:\/\/auric.com.mx\/en\/wp-json\/wp\/v2\/users\/4"}],"replies":[{"embeddable":true,"href":"https:\/\/auric.com.mx\/en\/wp-json\/wp\/v2\/comments?post=1317"}],"version-history":[{"count":9,"href":"https:\/\/auric.com.mx\/en\/wp-json\/wp\/v2\/pages\/1317\/revisions"}],"predecessor-version":[{"id":1621,"href":"https:\/\/auric.com.mx\/en\/wp-json\/wp\/v2\/pages\/1317\/revisions\/1621"}],"wp:featuredmedia":[{"embeddable":true,"href":"https:\/\/auric.com.mx\/en\/wp-json\/wp\/v2\/media\/904"}],"wp:attachment":[{"href":"https:\/\/auric.com.mx\/en\/wp-json\/wp\/v2\/media?parent=1317"}],"curies":[{"name":"wp","href":"https:\/\/api.w.org\/{rel}","templated":true}]}}